{"id":1002,"date":"2022-10-07T10:48:18","date_gmt":"2022-10-07T08:48:18","guid":{"rendered":"https:\/\/www.cruixrestaurant.com\/regala\/"},"modified":"2025-12-21T20:25:41","modified_gmt":"2025-12-21T19:25:41","slug":"regala","status":"publish","type":"page","link":"https:\/\/www.cruixrestaurant.com\/ca\/regala\/","title":{"rendered":"Regala"},"content":{"rendered":"<div class=\"wpb-content-wrapper\"><section class=\"vc_row wpb_row vc_row-fluid  vc_custom_1766343756947 top-space\"><div class=\"wpb_column vc_column_container vc_col-sm-12  col-xs-mobile-fullwidth\"><div class=\"vc_column-inner \"><div class=\"wpb_wrapper\">[vc_custom_heading text=&#8221;REGALA CRUIX RESTAURANT&#8221; font_container=&#8221;tag:h1|text_align:center&#8221; use_theme_fonts=&#8221;yes&#8221; el_class=&#8221;show-desktop&#8221;][vc_separator color=&#8221;custom&#8221; border_width=&#8221;2&#8243; el_width=&#8221;20&#8243; accent_color=&#8221;#40949d&#8221; el_class=&#8221;show-desktop&#8221;][vc_custom_heading text=&#8221;REGALA CRUIX&#8221; font_container=&#8221;tag:h1|text_align:left&#8221; use_theme_fonts=&#8221;yes&#8221; el_class=&#8221;show-mobile&#8221;][vc_separator color=&#8221;custom&#8221; align=&#8221;align_left&#8221; border_width=&#8221;2&#8243; el_width=&#8221;30&#8243; accent_color=&#8221;#40949d&#8221; el_class=&#8221;show-mobile&#8221;][vc_empty_space height=&#8221;48px&#8221;][vc_tta_tabs section_title_tag=&#8221;h2&#8243; style=&#8221;flat&#8221; spacing=&#8221;20&#8243; gap=&#8221;20&#8243; alignment=&#8221;center&#8221; active_section=&#8221;1&#8243; no_fill_content_area=&#8221;true&#8221; el_id=&#8221;crxbox-shop&#8221;][vc_tta_section title=&#8221;BONS REGAL&#8221; tab_id=&#8221;cruix-bons&#8221;]<div class=\"woocommerce columns-4 \"><ul class=\"products columns-4\">\n<li class=\"pofo-product-4col product type-product post-3271 status-publish first instock product_cat-bons-regal has-post-thumbnail taxable shipping-taxable purchasable product-type-pw-gift-card has-default-attributes\">\n\t<a href=\"https:\/\/www.cruixrestaurant.com\/ca\/producto\/menu-cruix-amb-vi\/\" class=\"woocommerce-LoopProduct-link woocommerce-loop-product__link\"><img loading=\"lazy\" decoding=\"async\" width=\"300\" height=\"225\" src=\"https:\/\/www.cruixrestaurant.com\/wp-content\/uploads\/2022\/10\/2C1A2134-scaled-300x225.jpg\" class=\"attachment-woocommerce_thumbnail size-woocommerce_thumbnail\" alt=\"\" title=\"2C1A2134\" \/><h2 class=\"woocommerce-loop-product__title\">MENU CRUIX AMB VI<\/h2>\n\t<span class=\"price\"><span class=\"woocommerce-Price-amount amount\"><bdi>91,00&nbsp;<span class=\"woocommerce-Price-currencySymbol\">&euro;<\/span><\/bdi><\/span> <small class=\"woocommerce-price-suffix\">\u00abIVA incluido\u00bb<\/small><\/span>\n<\/a><a href=\"https:\/\/www.cruixrestaurant.com\/ca\/producto\/menu-cruix-amb-vi\/\" aria-describedby=\"woocommerce_loop_add_to_cart_link_describedby_3271\" data-quantity=\"1\" class=\"button product_type_pw-gift-card add_to_cart_button\" data-product_id=\"3271\" data-product_sku=\"\" aria-label=\"Selecciona opcions per a &ldquo;MENU CRUIX AMB VI&rdquo;\" rel=\"nofollow\">Select amount<\/a>\t<span id=\"woocommerce_loop_add_to_cart_link_describedby_3271\" class=\"screen-reader-text\">\n\t\tAquest producte t\u00e9 diverses variants. Les opcions es poden triar a la p\u00e0gina del producte\t<\/span>\n<div class=\"pofo-rich-snippet display-none\"><span class=\"entry-title\">MENU CRUIX AMB VI<\/span><span class=\"author vcard\"><a class=\"url fn n\" href=\"https:\/\/www.cruixrestaurant.com\/ca\/author\/admweb\/\">admweb<\/a><\/span><span class=\"published\">14 de desembre de 2023<\/span>15 d'abril de 2026<\/div><\/li>\n<li class=\"pofo-product-4col product type-product post-2871 status-publish instock product_cat-bons-regal has-post-thumbnail taxable shipping-taxable purchasable product-type-pw-gift-card has-default-attributes\">\n\t<a href=\"https:\/\/www.cruixrestaurant.com\/ca\/producto\/menu-cruix-amb-vi-per-a-2\/\" class=\"woocommerce-LoopProduct-link woocommerce-loop-product__link\"><img loading=\"lazy\" decoding=\"async\" width=\"300\" height=\"225\" src=\"https:\/\/www.cruixrestaurant.com\/wp-content\/uploads\/2022\/10\/2C1A2150-300x225.jpg\" class=\"attachment-woocommerce_thumbnail size-woocommerce_thumbnail\" alt=\"\" title=\"Cruix Restaurant\" \/><h2 class=\"woocommerce-loop-product__title\">MEN\u00da CRUIX AMB VI PER A 2<\/h2>\n\t<span class=\"price\"><span class=\"woocommerce-Price-amount amount\"><bdi>182,00&nbsp;<span class=\"woocommerce-Price-currencySymbol\">&euro;<\/span><\/bdi><\/span> <small class=\"woocommerce-price-suffix\">\u00abIVA incluido\u00bb<\/small><\/span>\n<\/a><a href=\"https:\/\/www.cruixrestaurant.com\/ca\/producto\/menu-cruix-amb-vi-per-a-2\/\" aria-describedby=\"woocommerce_loop_add_to_cart_link_describedby_2871\" data-quantity=\"1\" class=\"button product_type_pw-gift-card add_to_cart_button\" data-product_id=\"2871\" data-product_sku=\"\" aria-label=\"Selecciona opcions per a &ldquo;MEN\u00da CRUIX AMB VI PER A 2&rdquo;\" rel=\"nofollow\">Select amount<\/a>\t<span id=\"woocommerce_loop_add_to_cart_link_describedby_2871\" class=\"screen-reader-text\">\n\t\tAquest producte t\u00e9 diverses variants. Les opcions es poden triar a la p\u00e0gina del producte\t<\/span>\n<div class=\"pofo-rich-snippet display-none\"><span class=\"entry-title\">MEN\u00da CRUIX AMB VI PER A 2<\/span><span class=\"author vcard\"><a class=\"url fn n\" href=\"https:\/\/www.cruixrestaurant.com\/ca\/author\/admweb\/\">admweb<\/a><\/span><span class=\"published\">14 de desembre de 2023<\/span>15 d'abril de 2026<\/div><\/li>\n<li class=\"pofo-product-4col product type-product post-2869 status-publish instock product_cat-bons-regal has-post-thumbnail taxable shipping-taxable purchasable product-type-pw-gift-card has-default-attributes\">\n\t<a href=\"https:\/\/www.cruixrestaurant.com\/ca\/producto\/menu-cruix-sense-alcohol\/\" class=\"woocommerce-LoopProduct-link woocommerce-loop-product__link\"><img loading=\"lazy\" decoding=\"async\" width=\"300\" height=\"225\" src=\"https:\/\/www.cruixrestaurant.com\/wp-content\/uploads\/2022\/10\/2C1A2038-300x225.jpg\" class=\"attachment-woocommerce_thumbnail size-woocommerce_thumbnail\" alt=\"\" title=\"Cruix Restaurant\" \/><h2 class=\"woocommerce-loop-product__title\">MEN\u00da CRUIX SENSE ALCOHOL<\/h2>\n\t<span class=\"price\"><span class=\"woocommerce-Price-amount amount\"><bdi>74,00&nbsp;<span class=\"woocommerce-Price-currencySymbol\">&euro;<\/span><\/bdi><\/span> <small class=\"woocommerce-price-suffix\">\u00abIVA incluido\u00bb<\/small><\/span>\n<\/a><a href=\"https:\/\/www.cruixrestaurant.com\/ca\/producto\/menu-cruix-sense-alcohol\/\" aria-describedby=\"woocommerce_loop_add_to_cart_link_describedby_2869\" data-quantity=\"1\" class=\"button product_type_pw-gift-card add_to_cart_button\" data-product_id=\"2869\" data-product_sku=\"\" aria-label=\"Selecciona opcions per a &ldquo;MEN\u00da CRUIX SENSE ALCOHOL&rdquo;\" rel=\"nofollow\">Select amount<\/a>\t<span id=\"woocommerce_loop_add_to_cart_link_describedby_2869\" class=\"screen-reader-text\">\n\t\tAquest producte t\u00e9 diverses variants. Les opcions es poden triar a la p\u00e0gina del producte\t<\/span>\n<div class=\"pofo-rich-snippet display-none\"><span class=\"entry-title\">MEN\u00da CRUIX SENSE ALCOHOL<\/span><span class=\"author vcard\"><a class=\"url fn n\" href=\"https:\/\/www.cruixrestaurant.com\/ca\/author\/admweb\/\">admweb<\/a><\/span><span class=\"published\">14 de desembre de 2023<\/span>15 d'abril de 2026<\/div><\/li>\n<\/ul>\n<\/div>[\/vc_tta_section][vc_tta_section title=&#8221;TARGETES REGAL&#8221; tab_id=&#8221;cruix-targetes&#8221;]<div class=\"woocommerce columns-4 \"><ul class=\"products columns-4\">\n<li class=\"pofo-product-4col product type-product post-2879 status-publish first instock product_cat-targetes-regal has-post-thumbnail taxable shipping-taxable purchasable product-type-pw-gift-card\">\n\t<a href=\"https:\/\/www.cruixrestaurant.com\/ca\/producto\/targeta-regal\/\" class=\"woocommerce-LoopProduct-link woocommerce-loop-product__link\"><img loading=\"lazy\" decoding=\"async\" width=\"300\" height=\"225\" src=\"https:\/\/www.cruixrestaurant.com\/wp-content\/uploads\/2022\/10\/Cruix_Gift_Card-300x225.png\" class=\"attachment-woocommerce_thumbnail size-woocommerce_thumbnail\" alt=\"\" title=\"Cruix Restaurant - Targeta Regal\" \/><h2 class=\"woocommerce-loop-product__title\">Targeta Regal<\/h2>\n\t<span class=\"price\"><span class=\"woocommerce-Price-amount amount\"><bdi>50,00&nbsp;<span class=\"woocommerce-Price-currencySymbol\">&euro;<\/span><\/bdi><\/span> &ndash; <span class=\"woocommerce-Price-amount amount\"><bdi>500,00&nbsp;<span class=\"woocommerce-Price-currencySymbol\">&euro;<\/span><\/bdi><\/span> <small class=\"woocommerce-price-suffix\">\u00abIVA incluido\u00bb<\/small><\/span>\n<\/a><a href=\"https:\/\/www.cruixrestaurant.com\/ca\/producto\/targeta-regal\/\" aria-describedby=\"woocommerce_loop_add_to_cart_link_describedby_2879\" data-quantity=\"1\" class=\"button product_type_pw-gift-card add_to_cart_button\" data-product_id=\"2879\" data-product_sku=\"\" aria-label=\"Selecciona opcions per a &ldquo;Targeta Regal&rdquo;\" rel=\"nofollow\">Select amount<\/a>\t<span id=\"woocommerce_loop_add_to_cart_link_describedby_2879\" class=\"screen-reader-text\">\n\t\tAquest producte t\u00e9 diverses variants. Les opcions es poden triar a la p\u00e0gina del producte\t<\/span>\n<div class=\"pofo-rich-snippet display-none\"><span class=\"entry-title\">Targeta Regal<\/span><span class=\"author vcard\"><a class=\"url fn n\" href=\"https:\/\/www.cruixrestaurant.com\/ca\/author\/admweb\/\">admweb<\/a><\/span><span class=\"published\">26 d'octubre de 2022<\/span>17 de juny de 2025<\/div><\/li>\n<\/ul>\n<\/div>[\/vc_tta_section][\/vc_tta_tabs]<\/div><\/div><\/div><\/section><section class=\"vc_row wpb_row vc_row-fluid  vc_custom_1766342471411\"><div class=\"wpb_column vc_column_container vc_col-sm-12  col-xs-mobile-fullwidth\"><div class=\"vc_column-inner \"><div class=\"wpb_wrapper\">[vc_single_image image=&#8221;3298&#8243; img_size=&#8221;full&#8221; alignment=&#8221;center&#8221; onclick=&#8221;custom_link&#8221; img_link_target=&#8221;_blank&#8221; css=&#8221;&#8221; link=&#8221;https:\/\/www.melosrestaurant.com\/ca\/regala\/&#8221; el_class=&#8221;show-desktop&#8221;][vc_single_image image=&#8221;3298&#8243; img_size=&#8221;full&#8221; alignment=&#8221;center&#8221; onclick=&#8221;custom_link&#8221; img_link_target=&#8221;_blank&#8221; css=&#8221;&#8221; link=&#8221;https:\/\/www.melosrestaurant.com\/ca\/regala\/&#8221; el_class=&#8221;show-mobile&#8221;][vc_empty_space]<\/div><\/div><\/div><\/section>\n<\/div>","protected":false},"excerpt":{"rendered":"[vc_custom_heading text=\"REGALA CRUIX RESTAURANT\" font_container=\"tag:h1|text_align:center\" use_theme_fonts=\"yes\" el_class=\"show-desktop\"][vc_separator color=\"custom\" border_width=\"2\" el_width=\"20\" accent_color=\"#40949d\" el_class=\"show-desktop\"][vc_custom_heading text=\"REGALA CRUIX\" font_container=\"tag:h1|text_align:left\" use_theme_fonts=\"yes\" el_class=\"show-mobile\"][vc_separator color=\"custom\" align=\"align_left\" border_width=\"2\" el_width=\"30\" accent_color=\"#40949d\" el_class=\"show-mobile\"][vc_empty_space height=\"48px\"][vc_tta_tabs section_title_tag=\"h2\" style=\"flat\" spacing=\"20\" gap=\"20\" alignment=\"center\" active_section=\"1\" no_fill_content_area=\"true\" el_id=\"crxbox-shop\"][vc_tta_section title=\"BONS REGAL\" tab_id=\"cruix-bons\"] MENU CRUIX AMB VI 91,00&nbsp;&euro; \u00abIVA incluido\u00bb Select amount Aquest producte t\u00e9 diverses variants. Les opcions es poden triar a la p\u00e0gina del producte MENU CRUIX AMB VIadmweb14 de desembre de 202315 d'abril de 2026 MEN\u00da CRUIX AMB VI PER A 2 182,00&nbsp;&euro; \u00abIVA incluido\u00bb Select amount Aquest producte t\u00e9 diverses variants. Les opcions es poden triar a la p\u00e0gina del producte MEN\u00da CRUIX AMB VI PER A 2admweb14 de desembre de 202315 d'abril de 2026 MEN\u00da CRUIX SENSE ALCOHOL 74,00&nbsp;&euro; \u00abIVA incluido\u00bb Select amount Aquest producte t\u00e9 diverses variants. Les opcions es poden triar a la p\u00e0gina del producte MEN\u00da CRUIX SENSE ALCOHOLadmweb14 de desembre de 202315 d'abril de 2026 [\/vc_tta_section][vc_tta_section title=\"TARGETES REGAL\" tab_id=\"cruix-targetes\"] Targeta Regal 50,00&nbsp;&euro; &ndash; 500,00&nbsp;&euro; \u00abIVA incluido\u00bb Select amount Aquest producte t\u00e9 diverses variants. Les opcions es poden triar a la p\u00e0gina del producte Targeta Regaladmweb26 d'octubre de 202217 de juny de 2025 [\/vc_tta_section][\/vc_tta_tabs][vc_single_image image=\"3298\" img_size=\"full\" alignment=\"center\" onclick=\"custom_link\" img_link_target=\"_blank\" css=\"\" link=\"https:\/\/www.melosrestaurant.com\/ca\/regala\/\" el_class=\"show-desktop\"][vc_single_image image=\"3298\" img_size=\"full\" alignment=\"center\" onclick=\"custom_link\" img_link_target=\"_blank\" css=\"\" link=\"https:\/\/www.melosrestaurant.com\/ca\/regala\/\" el_class=\"show-mobile\"][vc_empty_space]","protected":false},"author":1,"featured_media":0,"parent":0,"menu_order":0,"comment_status":"closed","ping_status":"closed","template":"","meta":{"_themeisle_gutenberg_block_has_review":false,"footnotes":""},"class_list":["post-1002","page","type-page","status-publish","hentry"],"_links":{"self":[{"href":"https:\/\/www.cruixrestaurant.com\/ca\/wp-json\/wp\/v2\/pages\/1002","targetHints":{"allow":["GET"]}}],"collection":[{"href":"https:\/\/www.cruixrestaurant.com\/ca\/wp-json\/wp\/v2\/pages"}],"about":[{"href":"https:\/\/www.cruixrestaurant.com\/ca\/wp-json\/wp\/v2\/types\/page"}],"author":[{"embeddable":true,"href":"https:\/\/www.cruixrestaurant.com\/ca\/wp-json\/wp\/v2\/users\/1"}],"replies":[{"embeddable":true,"href":"https:\/\/www.cruixrestaurant.com\/ca\/wp-json\/wp\/v2\/comments?post=1002"}],"version-history":[{"count":4,"href":"https:\/\/www.cruixrestaurant.com\/ca\/wp-json\/wp\/v2\/pages\/1002\/revisions"}],"predecessor-version":[{"id":3329,"href":"https:\/\/www.cruixrestaurant.com\/ca\/wp-json\/wp\/v2\/pages\/1002\/revisions\/3329"}],"wp:attachment":[{"href":"https:\/\/www.cruixrestaurant.com\/ca\/wp-json\/wp\/v2\/media?parent=1002"}],"curies":[{"name":"wp","href":"https:\/\/api.w.org\/{rel}","templated":true}]}}