{"id":979,"date":"2022-09-23T13:49:53","date_gmt":"2022-09-23T11:49:53","guid":{"rendered":"https:\/\/www.cruixrestaurant.com\/contacto\/"},"modified":"2024-12-10T12:06:02","modified_gmt":"2024-12-10T11:06:02","slug":"contacte","status":"publish","type":"page","link":"https:\/\/www.cruixrestaurant.com\/ca\/contacte\/","title":{"rendered":"Contacte"},"content":{"rendered":"<div class=\"wpb-content-wrapper\"><section class=\"vc_row wpb_row vc_row-fluid  vc_custom_1666007075211 top-space\"><div class=\"wpb_column vc_column_container vc_col-sm-12  col-xs-mobile-fullwidth\"><div class=\"vc_column-inner \"><div class=\"wpb_wrapper\">[vc_custom_heading text=&#8221;CONTACTA AMB NOSALTRES&#8221; font_container=&#8221;tag:h1|text_align:center&#8221; use_theme_fonts=&#8221;yes&#8221;][vc_separator color=&#8221;custom&#8221; border_width=&#8221;2&#8243; el_width=&#8221;20&#8243; accent_color=&#8221;#40949d&#8221;]<\/div><\/div><\/div><\/section><section class=\"vc_row wpb_row vc_row-fluid   vc_column-gap-30 vc_row-o-content-middle vc_row-flex\"><div class=\"wpb_column vc_column_container vc_col-sm-4  col-xs-mobile-fullwidth\"><div class=\"vc_column-inner \"><div class=\"wpb_wrapper\">[vc_single_image image=&#8221;171&#8243; img_size=&#8221;full&#8221; onclick=&#8221;custom_link&#8221; img_link_target=&#8221;_blank&#8221; link=&#8221;https:\/\/g.page\/Cruix?share&#8221;]<div class=\"last-paragraph-no-margin\"><p style=\"text-align: right;\"><a href=\"https:\/\/g.page\/Cruix?share\" target=\"_blank\" rel=\"noopener\">Veure mapa \u00bb<\/a><\/p>\n<\/div><\/div><\/div><\/div><div class=\"wpb_column vc_column_container vc_col-sm-4  col-xs-mobile-fullwidth\"><div class=\"vc_column-inner \"><div class=\"wpb_wrapper\"><div class=\"last-paragraph-no-margin\"><p style=\"text-align: center;\">C. Enten\u00e7a\u00a0 57<br \/>\n08015 Barcelona<\/p>\n<p style=\"text-align: center;\"><a href=\"mailto:reservas@cruixrestaurant.com\">reservas@cruixrestaurant.com<\/a><\/p>\n<p style=\"text-align: center;\">Tel\u00e8fon: <a href=\"tel:+34935252318\">935252318<\/a><\/p>\n<\/div>[vc_empty_space height=&#8221;16px&#8221;]<a  href=\"https:\/\/wa.me\/34688973732?text=Hola!%20voldria%20fer%20una%20reserva\" target=\"_blank\" class=\"btn btn_cruix_whatsapp pofo-button-1 button-style5  btn-dark-gray btn-rounded  btn-large  vc_custom_1668416434547\"  style=\"color:#ffffff;  border-color:#ffffff; \"><i class=\"fab fa-whatsapp icon-small  margin-5px-right no-margin-left\" aria-hidden=\"true\" style=\"color:#ffffff;\" ><\/i>Consultes WhatsApp<\/a><\/div><\/div><\/div><div class=\"wpb_column vc_column_container vc_col-sm-4  col-xs-mobile-fullwidth\"><div class=\"vc_column-inner \"><div class=\"wpb_wrapper\"><div class=\"last-paragraph-no-margin\"><p style=\"text-align: center;\"><strong>dilluns:<\/strong><br \/>\nCerrado<\/p>\n<p style=\"text-align: center;\"><strong>dimarts a dijous:<\/strong><br \/>\n19:00 a 22:00h<\/p>\n<p style=\"text-align: center;\"><strong>divendres:<\/strong><br \/>\n13:00h a 15:00h \/ 20:00h a 22:00h<\/p>\n<p style=\"text-align: center;\"><strong>dissabte:<\/strong><br \/>\n13:00h a 15:00h \/ 20:00h a 22:00h<\/p>\n<p style=\"text-align: center;\"><strong>diumenge:<\/strong><br \/>\nCerrado<\/p>\n<\/div><\/div><\/div><\/div><\/section><section data-vc-full-width=\"true\" data-vc-full-width-init=\"false\" class=\"vc_row wpb_row vc_row-fluid  vc_custom_1666263191461 vc_row-has-fill pofo-stretch-content pofo-stretch-row-container\"><div class=\"bg-extra-dark-gray bg-overlay\" style=\"opacity:0.7; \"><\/div><div class=\"wpb_column vc_column_container vc_col-sm-2  col-xs-mobile-fullwidth\"><div class=\"vc_column-inner \"><div class=\"wpb_wrapper\"><\/div><\/div><\/div><div class=\"wpb_column vc_column_container vc_col-has-fill vc_col-sm-8  col-xs-mobile-fullwidth\"><div class=\"vc_column-inner vc_custom_1666263571299\"><div class=\"wpb_wrapper\">[vc_tta_accordion title_tag=&#8221;h4&#8243; section_title_tag=&#8221;h6&#8243; style=&#8221;flat&#8221; shape=&#8221;square&#8221; spacing=&#8221;30&#8243; gap=&#8221;30&#8243; c_align=&#8221;center&#8221; c_icon=&#8221;chevron&#8221; active_section=&#8221;10&#8243; no_fill=&#8221;true&#8221; collapsible_all=&#8221;true&#8221; el_class=&#8221;cruix-accordion&#8221;][vc_tta_section title=&#8221;Treballa amb nosaltres&#8221; tab_id=&#8221;restaurante-cruix-trabaja-con-nosotros&#8221;]<div class=\"last-paragraph-no-margin\"><h4 style=\"text-align: center;\">\u00bfVols treballar amb nosaltres?<\/h4>\n<p style=\"text-align: center;\">Pots escriure&#8217;ns un correu electr\u00f2nic a l&#8217;adre\u00e7a cruixbcn@gmail.com o omple el seg\u00fcent formulari amb les teves dades i inclou el teu C.V.<\/p>\n<\/div>[vc_empty_space]\n<div class=\"wpcf7 no-js\" id=\"wpcf7-f1081-o1\" lang=\"ca\" dir=\"ltr\" data-wpcf7-id=\"1081\">\n<div class=\"screen-reader-response\"><p role=\"status\" aria-live=\"polite\" aria-atomic=\"true\"><\/p> <ul><\/ul><\/div>\n<form action=\"\/ca\/wp-json\/wp\/v2\/pages\/979#wpcf7-f1081-o1\" method=\"post\" class=\"wpcf7-form init\" aria-label=\"Formulari de contacte\" enctype=\"multipart\/form-data\" novalidate=\"novalidate\" data-status=\"init\">\n<div style=\"display: none;\">\n<input type=\"hidden\" name=\"_wpcf7\" value=\"1081\" \/>\n<input type=\"hidden\" name=\"_wpcf7_version\" value=\"6.0.1\" \/>\n<input type=\"hidden\" name=\"_wpcf7_locale\" value=\"ca\" \/>\n<input type=\"hidden\" name=\"_wpcf7_unit_tag\" value=\"wpcf7-f1081-o1\" \/>\n<input type=\"hidden\" name=\"_wpcf7_container_post\" value=\"0\" \/>\n<input type=\"hidden\" name=\"_wpcf7_posted_data_hash\" value=\"\" \/>\n<\/div>\n<div class=\"row\">\n\t<div class=\"col-sm-6 col-xs-12\">\n\t\t<p><label>Nom <span class=\"wpcf7-form-control-wrap\" data-name=\"your-name\"><input size=\"40\" maxlength=\"400\" class=\"wpcf7-form-control wpcf7-text wpcf7-validates-as-required\" aria-required=\"true\" aria-invalid=\"false\" value=\"\" type=\"text\" name=\"your-name\" \/><\/span> <\/label>\n\t\t<\/p>\n\t<\/div>\n\t<div class=\"col-sm-6 col-xs-12\">\n\t\t<p><label>Cognoms <span class=\"wpcf7-form-control-wrap\" data-name=\"your-surname\"><input size=\"40\" maxlength=\"400\" class=\"wpcf7-form-control wpcf7-text wpcf7-validates-as-required\" aria-required=\"true\" aria-invalid=\"false\" value=\"\" type=\"text\" name=\"your-surname\" \/><\/span> <\/label>\n\t\t<\/p>\n\t<\/div>\n\t<div class=\"col-sm-6 col-xs-12\">\n\t\t<p><label>Adre\u00e7a <span class=\"wpcf7-form-control-wrap\" data-name=\"your-address\"><input size=\"40\" maxlength=\"400\" class=\"wpcf7-form-control wpcf7-text wpcf7-validates-as-required\" aria-required=\"true\" aria-invalid=\"false\" value=\"\" type=\"text\" name=\"your-address\" \/><\/span> <\/label>\n\t\t<\/p>\n\t<\/div>\n\t<div class=\"col-sm-6 col-xs-12\">\n\t\t<p><label>Poblaci\u00f3 <span class=\"wpcf7-form-control-wrap\" data-name=\"your-city\"><input size=\"40\" maxlength=\"400\" class=\"wpcf7-form-control wpcf7-text wpcf7-validates-as-required\" aria-required=\"true\" aria-invalid=\"false\" value=\"\" type=\"text\" name=\"your-city\" \/><\/span> <\/label>\n\t\t<\/p>\n\t<\/div>\n\t<div class=\"col-sm-6 col-xs-12\">\n\t\t<p><label>Tel\u00e8fon <span class=\"wpcf7-form-control-wrap\" data-name=\"your-tel\"><input size=\"40\" maxlength=\"400\" class=\"wpcf7-form-control wpcf7-tel wpcf7-validates-as-required wpcf7-text wpcf7-validates-as-tel\" aria-required=\"true\" aria-invalid=\"false\" value=\"\" type=\"tel\" name=\"your-tel\" \/><\/span> <\/label>\n\t\t<\/p>\n\t<\/div>\n\t<div class=\"col-sm-6 col-xs-12\">\n\t\t<p><label>Correu electr\u00f2nic <span class=\"wpcf7-form-control-wrap\" data-name=\"your-email\"><input size=\"40\" maxlength=\"400\" class=\"wpcf7-form-control wpcf7-email wpcf7-validates-as-required wpcf7-text wpcf7-validates-as-email\" aria-required=\"true\" aria-invalid=\"false\" value=\"\" type=\"email\" name=\"your-email\" \/><\/span> <\/label>\n\t\t<\/p>\n\t<\/div>\n\t<div class=\"col-sm-12 col-xs-12\">\n\t\t<p><label>Adjuntar CV (pdf,docx,doc) <span class=\"wpcf7-form-control-wrap\" data-name=\"file-568\"><input size=\"40\" class=\"wpcf7-form-control wpcf7-file wpcf7-validates-as-required\" accept=\".pdf,.doc,.docx,.ppt,.pptx\" aria-required=\"true\" aria-invalid=\"false\" type=\"file\" name=\"file-568\" \/><\/span> <\/label>\n\t\t<\/p>\n\t<\/div>\n\t<div class=\"col-sm-6 col-xs-12\">\n\t\t<p><span class=\"wpcf7-form-control-wrap\" data-name=\"acceptance-422\"><span class=\"wpcf7-form-control wpcf7-acceptance optional\"><span class=\"wpcf7-list-item\"><label><input type=\"checkbox\" name=\"acceptance-422\" value=\"1\" aria-invalid=\"false\" \/><span class=\"wpcf7-list-item-label\">He llegit i accepto el que s'ha exposat a les seccions <a href=\"https:\/\/www.cruixrestaurant.com\/ca\/avis-legal\/\">av\u00eds legal<\/a> i <a href=\"https:\/\/www.cruixrestaurant.com\/ca\/politica-de-privadesa\/\">pol\u00edtica de privadesa<\/a> de Cruix Restaurant.<\/span><\/label><\/span><\/span><\/span>\n\t\t<\/p>\n\t<\/div>\n\t<div class=\"col-sm-6 col-xs-12\">\n\t\t<p><input class=\"wpcf7-form-control wpcf7-submit has-spinner\" type=\"submit\" value=\"Enviar\" \/>\n\t\t<\/p>\n\t<\/div>\n<\/div><div class=\"wpcf7-response-output\" aria-hidden=\"true\"><\/div>\n<\/form>\n<\/div>\n[\/vc_tta_section][\/vc_tta_accordion]<\/div><\/div><\/div><div class=\"wpb_column vc_column_container vc_col-sm-2  col-xs-mobile-fullwidth\"><div class=\"vc_column-inner \"><div class=\"wpb_wrapper\"><\/div><\/div><\/div><\/section><div class=\"vc_row-full-width vc_clearfix\"><\/div>\n<\/div>","protected":false},"excerpt":{"rendered":"[vc_custom_heading text=\"CONTACTA AMB NOSALTRES\" font_container=\"tag:h1|text_align:center\" use_theme_fonts=\"yes\"][vc_separator color=\"custom\" border_width=\"2\" el_width=\"20\" accent_color=\"#40949d\"][vc_single_image image=\"171\" img_size=\"full\" onclick=\"custom_link\" img_link_target=\"_blank\" link=\"https:\/\/g.page\/Cruix?share\"]Veure mapa \u00bb C. Enten\u00e7a\u00a0 57 08015 Barcelona reservas@cruixrestaurant.com Tel\u00e8fon: 935252318 [vc_empty_space height=\"16px\"]Consultes WhatsAppdilluns: Cerrado dimarts a dijous: 19:00 a 22:00h divendres: 13:00h a 15:00h \/ 20:00h a 22:00h dissabte: 13:00h a 15:00h \/ 20:00h a 22:00h diumenge: Cerrado [vc_tta_accordion title_tag=\"h4\" section_title_tag=\"h6\" style=\"flat\" shape=\"square\" spacing=\"30\" gap=\"30\" c_align=\"center\" c_icon=\"chevron\" active_section=\"10\" no_fill=\"true\" collapsible_all=\"true\" el_class=\"cruix-accordion\"][vc_tta_section title=\"Treballa amb nosaltres\" tab_id=\"restaurante-cruix-trabaja-con-nosotros\"]\u00bfVols treballar amb nosaltres? Pots escriure'ns un correu electr\u00f2nic a l'adre\u00e7a cruixbcn@gmail.com o omple el seg\u00fcent formulari amb les teves dades i inclou el teu C.V. [vc_empty_space] Nom Cognoms Adre\u00e7a Poblaci\u00f3 Tel\u00e8fon Correu electr\u00f2nic Adjuntar CV (pdf,docx,doc) He llegit i accepto el que s'ha exposat a les seccions av\u00eds legal i pol\u00edtica de privadesa de Cruix Restaurant. [\/vc_tta_section][\/vc_tta_accordion]","protected":false},"author":1,"featured_media":0,"parent":0,"menu_order":0,"comment_status":"closed","ping_status":"closed","template":"","meta":{"_themeisle_gutenberg_block_has_review":false,"footnotes":""},"class_list":["post-979","page","type-page","status-publish","hentry"],"_links":{"self":[{"href":"https:\/\/www.cruixrestaurant.com\/ca\/wp-json\/wp\/v2\/pages\/979","targetHints":{"allow":["GET"]}}],"collection":[{"href":"https:\/\/www.cruixrestaurant.com\/ca\/wp-json\/wp\/v2\/pages"}],"about":[{"href":"https:\/\/www.cruixrestaurant.com\/ca\/wp-json\/wp\/v2\/types\/page"}],"author":[{"embeddable":true,"href":"https:\/\/www.cruixrestaurant.com\/ca\/wp-json\/wp\/v2\/users\/1"}],"replies":[{"embeddable":true,"href":"https:\/\/www.cruixrestaurant.com\/ca\/wp-json\/wp\/v2\/comments?post=979"}],"version-history":[{"count":11,"href":"https:\/\/www.cruixrestaurant.com\/ca\/wp-json\/wp\/v2\/pages\/979\/revisions"}],"predecessor-version":[{"id":2588,"href":"https:\/\/www.cruixrestaurant.com\/ca\/wp-json\/wp\/v2\/pages\/979\/revisions\/2588"}],"wp:attachment":[{"href":"https:\/\/www.cruixrestaurant.com\/ca\/wp-json\/wp\/v2\/media?parent=979"}],"curies":[{"name":"wp","href":"https:\/\/api.w.org\/{rel}","templated":true}]}}