{"id":999,"date":"2022-10-03T10:18:28","date_gmt":"2022-10-03T08:18:28","guid":{"rendered":"https:\/\/www.cruixrestaurant.com\/reserva\/"},"modified":"2026-04-11T14:07:24","modified_gmt":"2026-04-11T12:07:24","slug":"reserva","status":"publish","type":"page","link":"https:\/\/www.cruixrestaurant.com\/ca\/reserva\/","title":{"rendered":"Reserva"},"content":{"rendered":"<div class=\"wpb-content-wrapper\"><section class=\"vc_row wpb_row vc_row-fluid   top-space\"><div class=\"wpb_column vc_column_container vc_col-sm-12  col-xs-mobile-fullwidth\"><div class=\"vc_column-inner \"><div class=\"wpb_wrapper\">[vc_custom_heading text=&#8221;RESERVA A CRUIX&#8221; font_container=&#8221;tag:h1|text_align:center&#8221; use_theme_fonts=&#8221;yes&#8221; el_class=&#8221;show-desktop&#8221;][vc_separator color=&#8221;custom&#8221; border_width=&#8221;2&#8243; el_width=&#8221;20&#8243; accent_color=&#8221;#40949d&#8221; el_class=&#8221;show-desktop&#8221;][vc_custom_heading text=&#8221;RESERVA A CRUIX&#8221; font_container=&#8221;tag:h1|text_align:left&#8221; use_theme_fonts=&#8221;yes&#8221; el_class=&#8221;show-mobile&#8221;]<\/div><\/div><\/div><\/section><section id=\"reservation_system_wrapper\" class=\"vc_row wpb_row vc_row-fluid  vc_custom_1698659586071\"><div class=\"wpb_column vc_column_container vc_col-sm-12  col-xs-mobile-fullwidth\"><div class=\"vc_column-inner \"><div class=\"wpb_wrapper\">[vc_raw_html css=&#8221;&#8221;]JTNDaWZyYW1lJTIwc3JjJTNEJTIyaHR0cHMlM0ElMkYlMkZ3aWRnZXQudGhlZm9yay5jb20lMkY4OWE4YThiNi0xYWU5LTRmODItYjQ5NS1jZWIyN2I2MDQ4ODQlMjIlMjBhbGxvdyUzRCUyMnBheW1lbnQlMjAlMkElMjIlMjBzdHlsZSUzRCUyMndpZHRoJTNBJTIwMTAwJTI1JTNCJTIwbWluLWhlaWdodCUzQTg1MHB4JTNCJTIwYm9yZGVyJTNBbm9uZSUzQiUyMG92ZXJmbG93JTNBc2Nyb2xsJTNCJTIyJTIwY2xhc3MlM0QlMjJmb3JrZnJhbWUlMjIlM0UlM0MlMkZpZnJhbWUlM0U=[\/vc_raw_html]<\/div><\/div><\/div><\/section><section class=\"vc_row wpb_row vc_row-fluid  vc_custom_1706098616839 vc_row-has-fill\"><div class=\"wpb_column vc_column_container vc_col-sm-12  col-xs-mobile-fullwidth\"><div class=\"vc_column-inner \"><div class=\"wpb_wrapper\"><div class=\"last-paragraph-no-margin\"><div>\n<h3><span dir=\"auto\">INFORMACI\u00d3 DE RESERVES<\/span><\/h3>\n<p><span dir=\"auto\">En cas de no trobar la disponibilitat desitjada, us podeu inscriure a la nostra llista d&#8217;espera.<\/span><\/p>\n<p><span dir=\"auto\">Per a grups de set o m\u00e9s persones, o si volen reservar el restaurant en exclusiva per a un esdeveniment especial i personalitzat, ens poden escriure a:\u00a0<\/span><a href=\"mailto:reservas@cruixrestaurant.com\" target=\"_blank\" rel=\"noopener\"><span dir=\"auto\">reservas@cruixrestaurant.com<\/span><\/a><span dir=\"auto\">\u00a0.<\/span><\/p>\n<p><span dir=\"auto\">Si teniu alguna restricci\u00f3 aliment\u00e0ria, us preguem que ens ho comuniqueu amb antelaci\u00f3 per intentar adaptar el men\u00fa. No obstant aix\u00f2, en alguns casos potser no \u00e9s possible.<\/span><\/p>\n<p><span dir=\"auto\">Per a m\u00e9s informaci\u00f3 o qualsevol consulta, podeu contactar-nos via WhatsApp al +34 688 97 37 32 o per correu electr\u00f2nic a\u00a0<\/span><a href=\"mailto:reservas@cruixrestaurant.com\" target=\"_blank\" rel=\"noopener\"><span dir=\"auto\">reservas@cruixrestaurant.com<\/span><\/a><span dir=\"auto\">\u00a0.<\/span><\/p>\n<hr \/>\n<h3><span dir=\"auto\">POL\u00cdTICA DE CANCEL\u00b7LACI\u00d3<\/span><\/h3>\n<p><span dir=\"auto\">En el moment de fer la reserva no s&#8217;efectuar\u00e0 cap c\u00e0rrec a la targeta.<\/span><\/p>\n<p><span dir=\"auto\">Tot i aix\u00f2, en cas de no assistir-hi, arribar amb m\u00e9s de 15 minuts de retard o cancel\u00b7lar dins de les 12 hores pr\u00e8vies a la reserva, es realitzar\u00e0 un c\u00e0rrec a la targeta facilitada.<\/span><\/p>\n<p><span dir=\"auto\">Podeu cancel\u00b7lar la vostra reserva sense cost fins a 12 hores abans de l&#8217;hora prevista, a trav\u00e9s de l&#8217;enlla\u00e7 de cancel\u00b7laci\u00f3 incl\u00f2s al correu de confirmaci\u00f3.<\/span><\/p>\n<p><span dir=\"auto\">La durada del servei \u00e9s de 2 hores, per tal de garantir la millor experi\u00e8ncia per a tots els nostres clients, per aix\u00f2 agra\u00efm la seva puntualitat.<\/span><\/p>\n<p><span dir=\"auto\">Les taules es mantindran reservades durant un m\u00e0xim de 15 minuts. Transcorregut aquest temps, podran ser assignades a altres clients.<\/span><\/p>\n<p><span dir=\"auto\">En confirmar la reserva, s&#8217;adquireix un tiquet per valor de 50\u20ac per comensal (IVA incl\u00f2s). Us preguem reservar \u00fanicament el nombre de persones que hi assistiran, ja que la pol\u00edtica de cancel\u00b7laci\u00f3 es podr\u00e0 aplicar a les places no ocupades.<\/span><\/p>\n<\/div>\n<\/div><\/div><\/div><\/div><\/section><section class=\"vc_row wpb_row vc_row-fluid  vc_custom_1773996187788\"><div class=\"wpb_column vc_column_container vc_col-sm-12  col-xs-mobile-fullwidth\"><div class=\"vc_column-inner \"><div class=\"wpb_wrapper\">[vc_empty_space height=&#8221;16px&#8221;]<\/div><\/div><\/div><\/section><section class=\"vc_row wpb_row vc_row-fluid  vc_custom_1766342471411\"><div class=\"wpb_column vc_column_container vc_col-sm-12  col-xs-mobile-fullwidth\"><div class=\"vc_column-inner \"><div class=\"wpb_wrapper\">[vc_single_image image=&#8221;3510&#8243; img_size=&#8221;full&#8221; alignment=&#8221;center&#8221; onclick=&#8221;custom_link&#8221; img_link_target=&#8221;_blank&#8221; css=&#8221;&#8221; link=&#8221;https:\/\/www.melosrestaurant.com\/ca\/reserva\/&#8221; el_class=&#8221;show-desktop&#8221;][vc_single_image image=&#8221;3498&#8243; img_size=&#8221;full&#8221; alignment=&#8221;center&#8221; onclick=&#8221;custom_link&#8221; img_link_target=&#8221;_blank&#8221; css=&#8221;&#8221; link=&#8221;https:\/\/www.melosrestaurant.com\/ca\/reserva\/&#8221; el_class=&#8221;show-mobile&#8221;]<\/div><\/div><\/div><\/section><section class=\"vc_row wpb_row vc_row-fluid  vc_custom_1773996187788\"><div class=\"wpb_column vc_column_container vc_col-sm-12  col-xs-mobile-fullwidth\"><div class=\"vc_column-inner \"><div class=\"wpb_wrapper\">[vc_empty_space height=&#8221;16px&#8221;]<\/div><\/div><\/div><\/section>\n<\/div>","protected":false},"excerpt":{"rendered":"[vc_custom_heading text=\"RESERVA A CRUIX\" font_container=\"tag:h1|text_align:center\" use_theme_fonts=\"yes\" el_class=\"show-desktop\"][vc_separator color=\"custom\" border_width=\"2\" el_width=\"20\" accent_color=\"#40949d\" el_class=\"show-desktop\"][vc_custom_heading text=\"RESERVA A CRUIX\" font_container=\"tag:h1|text_align:left\" use_theme_fonts=\"yes\" el_class=\"show-mobile\"][vc_raw_html css=\"\"]JTNDaWZyYW1lJTIwc3JjJTNEJTIyaHR0cHMlM0ElMkYlMkZ3aWRnZXQudGhlZm9yay5jb20lMkY4OWE4YThiNi0xYWU5LTRmODItYjQ5NS1jZWIyN2I2MDQ4ODQlMjIlMjBhbGxvdyUzRCUyMnBheW1lbnQlMjAlMkElMjIlMjBzdHlsZSUzRCUyMndpZHRoJTNBJTIwMTAwJTI1JTNCJTIwbWluLWhlaWdodCUzQTg1MHB4JTNCJTIwYm9yZGVyJTNBbm9uZSUzQiUyMG92ZXJmbG93JTNBc2Nyb2xsJTNCJTIyJTIwY2xhc3MlM0QlMjJmb3JrZnJhbWUlMjIlM0UlM0MlMkZpZnJhbWUlM0U=[\/vc_raw_html] INFORMACI\u00d3 DE RESERVES En cas de no trobar la disponibilitat desitjada, us podeu inscriure a la nostra llista d'espera. Per a grups de set o m\u00e9s persones, o si volen reservar el restaurant en exclusiva per a un esdeveniment especial i personalitzat, ens poden escriure a:\u00a0reservas@cruixrestaurant.com\u00a0. Si teniu alguna restricci\u00f3 aliment\u00e0ria, us preguem que ens ho comuniqueu amb antelaci\u00f3 per intentar adaptar el men\u00fa. No obstant aix\u00f2, en alguns casos potser no \u00e9s possible. Per a m\u00e9s informaci\u00f3 o qualsevol consulta, podeu contactar-nos via WhatsApp al +34 688 97 37 32 o per correu electr\u00f2nic a\u00a0reservas@cruixrestaurant.com\u00a0. POL\u00cdTICA DE CANCEL\u00b7LACI\u00d3 En el moment de fer la reserva no s'efectuar\u00e0 cap c\u00e0rrec a la targeta. Tot i aix\u00f2, en cas de no assistir-hi, arribar amb m\u00e9s de 15 minuts de retard o cancel\u00b7lar dins de les 12 hores pr\u00e8vies a la reserva, es realitzar\u00e0 un c\u00e0rrec a la targeta facilitada. Podeu cancel\u00b7lar la vostra reserva sense cost fins a 12 hores abans de l'hora prevista, a trav\u00e9s de l'enlla\u00e7 de cancel\u00b7laci\u00f3 incl\u00f2s al correu de confirmaci\u00f3. La durada del servei \u00e9s de 2...","protected":false},"author":1,"featured_media":0,"parent":0,"menu_order":0,"comment_status":"closed","ping_status":"closed","template":"","meta":{"_themeisle_gutenberg_block_has_review":false,"footnotes":""},"class_list":["post-999","page","type-page","status-publish","hentry"],"_links":{"self":[{"href":"https:\/\/www.cruixrestaurant.com\/ca\/wp-json\/wp\/v2\/pages\/999","targetHints":{"allow":["GET"]}}],"collection":[{"href":"https:\/\/www.cruixrestaurant.com\/ca\/wp-json\/wp\/v2\/pages"}],"about":[{"href":"https:\/\/www.cruixrestaurant.com\/ca\/wp-json\/wp\/v2\/types\/page"}],"author":[{"embeddable":true,"href":"https:\/\/www.cruixrestaurant.com\/ca\/wp-json\/wp\/v2\/users\/1"}],"replies":[{"embeddable":true,"href":"https:\/\/www.cruixrestaurant.com\/ca\/wp-json\/wp\/v2\/comments?post=999"}],"version-history":[{"count":24,"href":"https:\/\/www.cruixrestaurant.com\/ca\/wp-json\/wp\/v2\/pages\/999\/revisions"}],"predecessor-version":[{"id":3532,"href":"https:\/\/www.cruixrestaurant.com\/ca\/wp-json\/wp\/v2\/pages\/999\/revisions\/3532"}],"wp:attachment":[{"href":"https:\/\/www.cruixrestaurant.com\/ca\/wp-json\/wp\/v2\/media?parent=999"}],"curies":[{"name":"wp","href":"https:\/\/api.w.org\/{rel}","templated":true}]}}