{"id":3271,"date":"2023-12-14T13:14:25","date_gmt":"2023-12-14T12:14:25","guid":{"rendered":"https:\/\/www.cruixrestaurant.com\/producto\/menu-cruix-con-vino\/"},"modified":"2026-04-15T13:00:29","modified_gmt":"2026-04-15T11:00:29","slug":"menu-cruix-amb-vi","status":"publish","type":"product","link":"https:\/\/www.cruixrestaurant.com\/ca\/producto\/menu-cruix-amb-vi\/","title":{"rendered":"MENU CRUIX AMB VI"},"content":{"rendered":"","protected":false},"excerpt":{"rendered":"<p><strong>Inclou<\/strong><br \/>\nPreu per a: 1 persona<br \/>\nValidesa: 120 dies<\/p>\n<p>MEN\u00da\u00a0CRUIX<br \/>\n+ COPA DE CAVA<br \/>\n+ 2 COPES DE VI (Selecci\u00f3 proposada pel restaurant)<br \/>\n+ AIGUA, CAF\u00c8<\/p>\n<p><strong>Condicions d&#8217;utilitzaci\u00f3<\/strong><br \/>\n&#8211; Reserva obligat\u00f2ria. Si us plau porti el seu bo regalo quan vingui.<br \/>\n&#8211; Els nostres bons caduquen 4 mesos despr\u00e9s de la data de compra.<br \/>\n&#8211; El men\u00fa pot canviar segons els productes i l&#8217;oferta de la temporada.<\/p>\n<p><em>El BO MEN\u00da s&#8217;enviar\u00e0 a la persona i adre\u00e7a de correu que s&#8217;especifiqui en els camps a continuaci\u00f3. No oblidi incloure el seu missatge per a ell\/ella!<\/em><\/p>\n","protected":false},"featured_media":1400,"template":"","meta":{"_themeisle_gutenberg_block_has_review":false},"product_cat":[58],"product_tag":[],"class_list":{"0":"post-3271","1":"product","2":"type-product","3":"status-publish","4":"has-post-thumbnail","6":"product_cat-bons-regal","8":"first","9":"instock","10":"taxable","11":"shipping-taxable","12":"purchasable","13":"product-type-pw-gift-card","14":"has-default-attributes","15":"pofo-product-4col"},"_links":{"self":[{"href":"https:\/\/www.cruixrestaurant.com\/ca\/wp-json\/wp\/v2\/product\/3271","targetHints":{"allow":["GET"]}}],"collection":[{"href":"https:\/\/www.cruixrestaurant.com\/ca\/wp-json\/wp\/v2\/product"}],"about":[{"href":"https:\/\/www.cruixrestaurant.com\/ca\/wp-json\/wp\/v2\/types\/product"}],"wp:featuredmedia":[{"embeddable":true,"href":"https:\/\/www.cruixrestaurant.com\/ca\/wp-json\/wp\/v2\/media\/1400"}],"wp:attachment":[{"href":"https:\/\/www.cruixrestaurant.com\/ca\/wp-json\/wp\/v2\/media?parent=3271"}],"wp:term":[{"taxonomy":"product_cat","embeddable":true,"href":"https:\/\/www.cruixrestaurant.com\/ca\/wp-json\/wp\/v2\/product_cat?post=3271"},{"taxonomy":"product_tag","embeddable":true,"href":"https:\/\/www.cruixrestaurant.com\/ca\/wp-json\/wp\/v2\/product_tag?post=3271"}],"curies":[{"name":"wp","href":"https:\/\/api.w.org\/{rel}","templated":true}]}}