{"id":1066,"date":"2022-09-30T12:36:34","date_gmt":"2022-09-30T12:36:34","guid":{"rendered":"https:\/\/www.cruixrestaurant.com\/politica-de-privacidad\/"},"modified":"2022-11-09T12:00:30","modified_gmt":"2022-11-09T12:00:30","slug":"privacy-policy","status":"publish","type":"page","link":"https:\/\/www.cruixrestaurant.com\/en\/privacy-policy\/","title":{"rendered":"Privacy policy"},"content":{"rendered":"<div class=\"wpb-content-wrapper\"><section class=\"vc_row wpb_row vc_row-fluid  vc_custom_1667995228043 top-space vc_row-has-fill\"><div class=\"wpb_column vc_column_container vc_col-sm-12  col-xs-mobile-fullwidth\"><div class=\"vc_column-inner \"><div class=\"wpb_wrapper\"><div class=\"last-paragraph-no-margin\"><p>\u2013 (only available in spanish language)<\/p>\n<\/div><\/div><\/div><\/div><\/section><section class=\"vc_row wpb_row vc_row-fluid\"><div class=\"wpb_column vc_column_container  col-xs-mobile-fullwidth\"><div class=\"vc_column-inner \"><div class=\"wpb_wrapper\"><div class=\"last-paragraph-no-margin\"><h2>Pol\u00edtica de Privacidad<\/h2>\n<p>CRUIX RESTAURANT, S.L. est\u00e1 especialmente sensibilizada en la protecci\u00f3n de datos de car\u00e1cter personal de los Usuarios de los servicios del sitio Web. Mediante la presente Pol\u00edtica de Privacidad (en adelante, la Pol\u00edtica) CRUIX RESTAURANT, S.L., informa a los USUARIOS de este sitio web, de los usos a los que se someten los datos de car\u00e1cter personal que se recaban en sitio Web, con el fin de que decidan, libre y voluntariamente, si desean facilitar la informaci\u00f3n solicitada.<br \/>\nCRUIX RESTAURANT, S.L. se reserva la facultad de modificar esta Pol\u00edtica con el objeto de adaptarla a novedades legislativas, criterios jurisprudenciales, pr\u00e1cticas del sector, o intereses de la entidad. Cualquier modificaci\u00f3n en la misma ser\u00e1 anunciada con la debida antelaci\u00f3n, a fin de que tenga perfecto conocimiento de su contenido.<\/p>\n<p><strong>RESPONSABLE<\/strong><\/p>\n<p>El Responsable del Tratamiento de los datos de car\u00e1cter personal es:<br \/>\nIdentidad: CRUIX RESTAURANT, S.L. con NIF: B02971950, en adelante ENTIDAD<br \/>\nDirecci\u00f3n: ENTEN\u00c7A, 57, 08015 &#8211; BARCELONA<br \/>\nE-mail: cruixbcn@gmail.com<br \/>\nDELEGADO DE PROTECCION DE DATOS<br \/>\nContacto por email: info@aemol.com<\/p>\n<p><strong>FINALIDAD DEL TRATAMIENTO<\/strong><\/p>\n<p>La recogida y tratamiento de los datos personales recogidos a trav\u00e9s del formulario de contacto o comunicaci\u00f3n electr\u00f3nica, tiene como finalidad la gesti\u00f3n, administraci\u00f3n, prestaci\u00f3n, ampliaci\u00f3n y mejora de los servicios prestados por CRUIX RESTAURANT, S.L., atendiendo a las solicitudes de informaci\u00f3n y\/o consultas planteadas.<\/p>\n<p><strong>PLAZO DE CONSERVACI\u00d3N<\/strong><\/p>\n<p>Los datos personales proporcionados se conservar\u00e1n durante el plazo correspondiente para cumplir con las obligaciones legales, o hasta que se solicite su supresi\u00f3n por el interesado y este est\u00e9 legitimado para ello.<\/p>\n<p><strong>LEGITIMACI\u00d3N<\/strong><\/p>\n<p>CRUIX RESTAURANT, S.L. est\u00e1 legitimado al tratamiento de datos personales, en base al consentimiento otorgado por el interesado para uno o varios fines espec\u00edficos, tal y como recoge el art\u00edculo 6.1.a) y 6.1.b) del Reglamento General de Protecci\u00f3n de datos personales.<\/p>\n<p><strong>DESTINATARIOS<\/strong><\/p>\n<p>No ser\u00e1n cedidos o comunicados a otros terceros, salvo en los supuestos necesarios para el desarrollo, control y cumplimiento de la\/s finalidad\/es expresada\/s, en los supuestos previstos seg\u00fan Ley, as\u00ed como en los casos espec\u00edficos, de los que se informe expresamente al Usuario.<\/p>\n<p><strong>DERECHOS DE LOS USUARIOS:<\/strong><\/p>\n<p>\u00bfCu\u00e1les son sus derechos cuando nos facilita sus datos?<br \/>\n\u2022 Acceso: El interesado tiene derecho a saber qu\u00e9 datos est\u00e1 tratando la ENTIDAD sobre \u00e9l.<br \/>\n\u2022 Rectificaci\u00f3n: El interesado tiene derecho a solicitar la rectificaci\u00f3n de los datos inexactos.<br \/>\n\u2022 Supresi\u00f3n: El interesado tiene derecho a solicitar la supresi\u00f3n de sus datos cuando, entro otros motivos, los datos no sean necesarios para los fines que fueron recogidos.<br \/>\n\u2022 Limitaci\u00f3n del tratamiento: En determinadas circunstancias el interesado podr\u00e1 solicitar la limitaci\u00f3n del tratamiento de sus datos, en cuyo caso \u00fanicamente los conservaremos para el ejercicio o la defensa de reclamaciones.<br \/>\n\u2022 Oposici\u00f3n: En determinadas circunstancias el interesado podr\u00e1 oponerse al tratamiento de sus datos. En ese caso la ENTIDAD dejar\u00e1 de tratar sus datos, salvo por motivos leg\u00edtimos imperiosos o el ejercicio o la defensa de posibles reclamaciones.<br \/>\n\u2022 Portabilidad de los datos: S\u00f3lo aplicable a datos automatizados y consiste en pasar los datos desde la ENTIDAD a otro nuevo RESPONSABLE DEL TRATAMIENTO (no al interesado y por solicitud del mismo).<br \/>\nPuede usted ejercer sus derechos inclu\u00eddo el derecho a retirar su consentimiento (si este fue otorgado) enviando un escrito acompa\u00f1ado de su DNI a CRUIX RESTAURANT, S.L. en ENTEN\u00c7A, 57, 08015 &#8211; BARCELONA o enviando un e-mail a cruixbcn@gmail.com<br \/>\nAdem\u00e1s tiene usted derecho a presentar una reclamaci\u00f3n ante la Autoridad de Control en materia de Protecci\u00f3n de Datos, actualmente la Agencia Espa\u00f1ola de Protecci\u00f3n de Datos.<\/p>\n<p><strong>MEDIDAS DE SEGURIDAD<\/strong><\/p>\n<p>El responsable del tratamiento CRUIX RESTAURANT, S.L. aplicar\u00e1 medidas t\u00e9cnicas y organizativas apropiadas para garantizar un nivel de seguridad adecuado al riesgo del mismo.<\/p>\n<p><strong>PERFILES Y TOMAS DE DECISIONES AUTOMATIZADAS<\/strong><br \/>\nNO se elaboran perfiles, NO se toman decisiones automatizadas con los datos facilitados por el usuario.<\/p>\n<\/div><\/div><\/div><\/div><\/section>\n<\/div>","protected":false},"excerpt":{"rendered":"\u2013 (only available in spanish language) Pol\u00edtica de Privacidad CRUIX RESTAURANT, S.L. est\u00e1 especialmente sensibilizada en la protecci\u00f3n de datos de car\u00e1cter personal de los Usuarios de los servicios del sitio Web. Mediante la presente Pol\u00edtica de Privacidad (en adelante, la Pol\u00edtica) CRUIX RESTAURANT, S.L., informa a los USUARIOS de este sitio web, de los usos a los que se someten los datos de car\u00e1cter personal que se recaban en sitio Web, con el fin de que decidan, libre y voluntariamente, si desean facilitar la informaci\u00f3n solicitada. CRUIX RESTAURANT, S.L. se reserva la facultad de modificar esta Pol\u00edtica con el objeto de adaptarla a novedades legislativas, criterios jurisprudenciales, pr\u00e1cticas del sector, o intereses de la entidad. Cualquier modificaci\u00f3n en la misma ser\u00e1 anunciada con la debida antelaci\u00f3n, a fin de que tenga perfecto conocimiento de su contenido. RESPONSABLE El Responsable del Tratamiento de los datos de car\u00e1cter personal es: Identidad: CRUIX RESTAURANT, S.L. con NIF: B02971950, en adelante ENTIDAD Direcci\u00f3n: ENTEN\u00c7A, 57, 08015 - BARCELONA E-mail: cruixbcn@gmail.com DELEGADO DE PROTECCION DE DATOS Contacto por email: info@aemol.com FINALIDAD DEL TRATAMIENTO La recogida y tratamiento de los datos personales recogidos a trav\u00e9s del formulario de contacto o comunicaci\u00f3n electr\u00f3nica, tiene como finalidad...","protected":false},"author":1,"featured_media":0,"parent":0,"menu_order":0,"comment_status":"closed","ping_status":"closed","template":"","meta":{"_themeisle_gutenberg_block_has_review":false,"footnotes":""},"class_list":["post-1066","page","type-page","status-publish","hentry"],"_links":{"self":[{"href":"https:\/\/www.cruixrestaurant.com\/en\/wp-json\/wp\/v2\/pages\/1066","targetHints":{"allow":["GET"]}}],"collection":[{"href":"https:\/\/www.cruixrestaurant.com\/en\/wp-json\/wp\/v2\/pages"}],"about":[{"href":"https:\/\/www.cruixrestaurant.com\/en\/wp-json\/wp\/v2\/types\/page"}],"author":[{"embeddable":true,"href":"https:\/\/www.cruixrestaurant.com\/en\/wp-json\/wp\/v2\/users\/1"}],"replies":[{"embeddable":true,"href":"https:\/\/www.cruixrestaurant.com\/en\/wp-json\/wp\/v2\/comments?post=1066"}],"version-history":[{"count":4,"href":"https:\/\/www.cruixrestaurant.com\/en\/wp-json\/wp\/v2\/pages\/1066\/revisions"}],"predecessor-version":[{"id":1075,"href":"https:\/\/www.cruixrestaurant.com\/en\/wp-json\/wp\/v2\/pages\/1066\/revisions\/1075"}],"wp:attachment":[{"href":"https:\/\/www.cruixrestaurant.com\/en\/wp-json\/wp\/v2\/media?parent=1066"}],"curies":[{"name":"wp","href":"https:\/\/api.w.org\/{rel}","templated":true}]}}