{"id":2097,"date":"2023-12-14T13:14:25","date_gmt":"2023-12-14T12:14:25","guid":{"rendered":"https:\/\/www.cruixrestaurant.com\/?post_type=product&#038;p=2097"},"modified":"2026-02-28T15:55:59","modified_gmt":"2026-02-28T14:55:59","slug":"menu-cruix-con-vino","status":"publish","type":"product","link":"https:\/\/www.cruixrestaurant.com\/en\/producto\/menu-cruix-con-vino\/","title":{"rendered":"MENU CRUIX CON VINO"},"content":{"rendered":"","protected":false},"excerpt":{"rendered":"<p><strong>Incluye<\/strong><br \/>\nPrecio para: 1 persona<br \/>\nValidez: 120 d\u00edas<\/p>\n<p>MEN\u00da CRUIX<br \/>\n+ COPA DE CAVA<br \/>\n+ 2 COPAS DE VINO (Selecci\u00f3n propuesta por el restaurante)<br \/>\n+ AGUA, CAF\u00c9<\/p>\n<p><strong>Condiciones de utilizaci\u00f3n<\/strong><br \/>\n&#8211; Reserva obligatoria. Por favor traiga su bono regalo cuando venga.<br \/>\n&#8211; Nuestros bonos caducan 4 meses despu\u00e9s de la fecha de compra.<br \/>\n&#8211; El men\u00fa puede cambiar seg\u00fan los productos y la oferta de la temporada.<\/p>\n<p><i class=\"extra-info\">El BONO MEN\u00da se enviar\u00e1 a la persona y direcci\u00f3n de correo que se especifique en los campos a continuaci\u00f3n. \u00a1No olvide incluir su mensaje para \u00e9l\/ella!<\/i><\/p>\n","protected":false},"featured_media":1399,"template":"","meta":{"_themeisle_gutenberg_block_has_review":false},"product_cat":[21],"product_tag":[],"class_list":{"0":"post-2097","1":"product","2":"type-product","3":"status-publish","4":"has-post-thumbnail","6":"product_cat-bonos-regalo","8":"first","9":"instock","10":"taxable","11":"shipping-taxable","12":"purchasable","13":"product-type-pw-gift-card","14":"has-default-attributes","15":"pofo-product-4col"},"_links":{"self":[{"href":"https:\/\/www.cruixrestaurant.com\/en\/wp-json\/wp\/v2\/product\/2097","targetHints":{"allow":["GET"]}}],"collection":[{"href":"https:\/\/www.cruixrestaurant.com\/en\/wp-json\/wp\/v2\/product"}],"about":[{"href":"https:\/\/www.cruixrestaurant.com\/en\/wp-json\/wp\/v2\/types\/product"}],"wp:featuredmedia":[{"embeddable":true,"href":"https:\/\/www.cruixrestaurant.com\/en\/wp-json\/wp\/v2\/media\/1399"}],"wp:attachment":[{"href":"https:\/\/www.cruixrestaurant.com\/en\/wp-json\/wp\/v2\/media?parent=2097"}],"wp:term":[{"taxonomy":"product_cat","embeddable":true,"href":"https:\/\/www.cruixrestaurant.com\/en\/wp-json\/wp\/v2\/product_cat?post=2097"},{"taxonomy":"product_tag","embeddable":true,"href":"https:\/\/www.cruixrestaurant.com\/en\/wp-json\/wp\/v2\/product_tag?post=2097"}],"curies":[{"name":"wp","href":"https:\/\/api.w.org\/{rel}","templated":true}]}}