{"id":649,"date":"2022-10-26T12:07:58","date_gmt":"2022-10-26T12:07:58","guid":{"rendered":"https:\/\/www.cruixrestaurant.com\/?post_type=product&#038;p=649"},"modified":"2022-12-16T12:34:54","modified_gmt":"2022-12-16T12:34:54","slug":"tarjeta-regalo","status":"publish","type":"product","link":"https:\/\/www.cruixrestaurant.com\/fr\/producto\/tarjeta-regalo\/","title":{"rendered":"Tarjeta Regalo"},"content":{"rendered":"","protected":false},"excerpt":{"rendered":"<p>En nuestra Tarjeta Regalo puede elegir una de las cantidades disponibles o, si lo prefiere, especificar una cantidad diferente.<br \/>\nLa Tarjeta Regalo se enviar\u00e1 a la persona y direcci\u00f3n de correo que se especifique en los campos a continuaci\u00f3n.<br \/>\n\u00a1No olvide incluir su mensaje para \u00e9l\/ella!<\/p>\n<p><small><em>* Nuestras Tarjetas Regalo caducan 6 meses despu\u00e9s de la fecha de compra.<\/em><\/small><\/p>\n","protected":false},"featured_media":369,"template":"","meta":{"_themeisle_gutenberg_block_has_review":false},"product_cat":[20],"product_tag":[],"class_list":{"0":"post-649","1":"product","2":"type-product","3":"status-publish","4":"has-post-thumbnail","6":"product_cat-tarjetas-regalo","8":"first","9":"instock","10":"taxable","11":"shipping-taxable","12":"purchasable","13":"product-type-pw-gift-card","14":"pofo-product-4col"},"_links":{"self":[{"href":"https:\/\/www.cruixrestaurant.com\/fr\/wp-json\/wp\/v2\/product\/649","targetHints":{"allow":["GET"]}}],"collection":[{"href":"https:\/\/www.cruixrestaurant.com\/fr\/wp-json\/wp\/v2\/product"}],"about":[{"href":"https:\/\/www.cruixrestaurant.com\/fr\/wp-json\/wp\/v2\/types\/product"}],"wp:featuredmedia":[{"embeddable":true,"href":"https:\/\/www.cruixrestaurant.com\/fr\/wp-json\/wp\/v2\/media\/369"}],"wp:attachment":[{"href":"https:\/\/www.cruixrestaurant.com\/fr\/wp-json\/wp\/v2\/media?parent=649"}],"wp:term":[{"taxonomy":"product_cat","embeddable":true,"href":"https:\/\/www.cruixrestaurant.com\/fr\/wp-json\/wp\/v2\/product_cat?post=649"},{"taxonomy":"product_tag","embeddable":true,"href":"https:\/\/www.cruixrestaurant.com\/fr\/wp-json\/wp\/v2\/product_tag?post=649"}],"curies":[{"name":"wp","href":"https:\/\/api.w.org\/{rel}","templated":true}]}}